{"id":4116,"date":"2023-07-24T17:22:17","date_gmt":"2023-07-24T17:22:17","guid":{"rendered":"https:\/\/aminerhouas.com\/tarya\/?post_type=product&#038;p=4116"},"modified":"2023-07-24T17:22:18","modified_gmt":"2023-07-24T17:22:18","slug":"oranges-fraiches","status":"publish","type":"product","link":"https:\/\/aminerhouas.com\/tarya\/product\/oranges-fraiches\/","title":{"rendered":"Oranges fra\u00eeches"},"content":{"rendered":"<p><strong>Les oranges<\/strong> fra\u00eeches sont des fruits juteux et rafra\u00eechissants qui sont appr\u00e9ci\u00e9s pour leur saveur sucr\u00e9e et acidul\u00e9e. Riches en vitamine C et en fibres, les oranges sont non seulement d\u00e9licieuses, mais aussi b\u00e9n\u00e9fiques pour la sant\u00e9.<\/p>\n<p><img decoding=\"async\" src=\"https:\/\/aminerhouas.com\/tarya\/wp-content\/uploads\/2022\/02\/drone.png\" sizes=\"(max-width: 104px) 100vw, 104px\" srcset=\"https:\/\/aminerhouas.com\/tarya\/wp-content\/uploads\/2022\/02\/drone.png 104w, https:\/\/aminerhouas.com\/tarya\/wp-content\/uploads\/2022\/02\/drone-100x100.png 100w\" alt=\"\" width=\"104\" height=\"104\" \/><\/p>\n<h3>Livraison dans toutes les villes<\/h3>\n<p>Notre service de livraison couvre toutes les villes, apportant la fra\u00eecheur et la saveur de nos produits directement \u00e0 votre porte.<\/p>\n<p><img decoding=\"async\" src=\"https:\/\/aminerhouas.com\/tarya\/wp-content\/uploads\/2022\/02\/grocery.png\" sizes=\"(max-width: 104px) 100vw, 104px\" srcset=\"https:\/\/aminerhouas.com\/tarya\/wp-content\/uploads\/2022\/02\/grocery.png 104w, https:\/\/aminerhouas.com\/tarya\/wp-content\/uploads\/2022\/02\/grocery-100x100.png 100w\" alt=\"\" width=\"104\" height=\"104\" \/><\/p>\n<h3>Fruit frais<\/h3>\n<p>Chez nous, nous sommes passionn\u00e9s par la qualit\u00e9 et la fra\u00eecheur de nos fruits. Chaque morceau est s\u00e9lectionn\u00e9 avec soin pour s&rsquo;assurer qu&rsquo;il est m\u00fbr, juteux et pr\u00eat \u00e0 \u00eatre d\u00e9gust\u00e9.<\/p>\n<p><img decoding=\"async\" src=\"https:\/\/aminerhouas.com\/tarya\/wp-content\/uploads\/2022\/02\/search.png\" sizes=\"(max-width: 104px) 100vw, 104px\" srcset=\"https:\/\/aminerhouas.com\/tarya\/wp-content\/uploads\/2022\/02\/search.png 104w, https:\/\/aminerhouas.com\/tarya\/wp-content\/uploads\/2022\/02\/search-100x100.png 100w\" alt=\"\" width=\"104\" height=\"104\" \/><\/p>\n<h3>Meilleure REMISE<\/h3>\n<p>Avec nos offres exceptionnelles et nos r\u00e9ductions avantageuses, vous pouvez profiter de prix imbattables sur une large gamme de produits<\/p>\n<p>Elles sont souvent consomm\u00e9es simplement en les \u00e9pluchant et en les divisant en quartiers, ou bien press\u00e9es pour obtenir du jus d&rsquo;orange frais. Les oranges peuvent \u00e9galement \u00eatre utilis\u00e9es dans une vari\u00e9t\u00e9 de recettes, des salades aux desserts, en passant par les marinades et les boissons. Gr\u00e2ce \u00e0 leur profil nutritionnel et \u00e0 leur go\u00fbt d\u00e9licieux, les oranges fra\u00eeches sont un excellent choix pour une alimentation \u00e9quilibr\u00e9e et savoureuse.<\/p>\n","protected":false},"excerpt":{"rendered":"<p>Les oranges fra\u00eeches sont des fruits juteux et rafra\u00eechissants qui sont appr\u00e9ci\u00e9s pour leur saveur sucr\u00e9e et acidul\u00e9e. Riches en vitamine C et en fibres, les oranges sont non seulement d\u00e9licieuses, mais aussi b\u00e9n\u00e9fiques pour la sant\u00e9. Livraison dans toutes les villes Notre service de livraison couvre toutes les villes, apportant la fra\u00eecheur et la [&hellip;]<\/p>\n","protected":false},"featured_media":4133,"comment_status":"open","ping_status":"closed","template":"","meta":[],"product_brand":[],"product_cat":[193],"product_tag":[],"class_list":{"0":"post-4116","1":"product","2":"type-product","3":"status-publish","4":"has-post-thumbnail","6":"product_cat-fruits-frais","8":"first","9":"instock","10":"shipping-taxable","11":"purchasable","12":"product-type-simple"},"_links":{"self":[{"href":"https:\/\/aminerhouas.com\/tarya\/wp-json\/wp\/v2\/product\/4116","targetHints":{"allow":["GET"]}}],"collection":[{"href":"https:\/\/aminerhouas.com\/tarya\/wp-json\/wp\/v2\/product"}],"about":[{"href":"https:\/\/aminerhouas.com\/tarya\/wp-json\/wp\/v2\/types\/product"}],"replies":[{"embeddable":true,"href":"https:\/\/aminerhouas.com\/tarya\/wp-json\/wp\/v2\/comments?post=4116"}],"version-history":[{"count":0,"href":"https:\/\/aminerhouas.com\/tarya\/wp-json\/wp\/v2\/product\/4116\/revisions"}],"wp:featuredmedia":[{"embeddable":true,"href":"https:\/\/aminerhouas.com\/tarya\/wp-json\/wp\/v2\/media\/4133"}],"wp:attachment":[{"href":"https:\/\/aminerhouas.com\/tarya\/wp-json\/wp\/v2\/media?parent=4116"}],"wp:term":[{"taxonomy":"product_brand","embeddable":true,"href":"https:\/\/aminerhouas.com\/tarya\/wp-json\/wp\/v2\/product_brand?post=4116"},{"taxonomy":"product_cat","embeddable":true,"href":"https:\/\/aminerhouas.com\/tarya\/wp-json\/wp\/v2\/product_cat?post=4116"},{"taxonomy":"product_tag","embeddable":true,"href":"https:\/\/aminerhouas.com\/tarya\/wp-json\/wp\/v2\/product_tag?post=4116"}],"curies":[{"name":"wp","href":"https:\/\/api.w.org\/{rel}","templated":true}]}}