{"id":4117,"date":"2023-07-24T17:22:17","date_gmt":"2023-07-24T17:22:17","guid":{"rendered":"https:\/\/aminerhouas.com\/tarya\/?post_type=product&#038;p=4117"},"modified":"2023-07-24T17:36:13","modified_gmt":"2023-07-24T17:36:13","slug":"banane-import-%d9%85%d9%88%d8%b2-%d9%85%d8%b3%d8%aa%d9%88%d8%b1%d8%af","status":"publish","type":"product","link":"https:\/\/aminerhouas.com\/tarya\/product\/banane-import-%d9%85%d9%88%d8%b2-%d9%85%d8%b3%d8%aa%d9%88%d8%b1%d8%af\/","title":{"rendered":"BANANE IMPORT &#8211; \u0645\u0648\u0632 \u0645\u0633\u062a\u0648\u0631\u062f"},"content":{"rendered":"<p><strong>La banane<\/strong> est un fruit populaire et appr\u00e9ci\u00e9 dans le monde entier. Originaire des r\u00e9gions tropicales, ce fruit est connu pour sa forme courbe caract\u00e9ristique et sa chair douce et cr\u00e9meuse. Les bananes sont une excellente source de nutriments essentiels tels que les glucides, les fibres, les vitamines B6 et C, ainsi que des min\u00e9raux tels que le potassium et le magn\u00e9sium.<\/p>\n<p><img decoding=\"async\" src=\"https:\/\/aminerhouas.com\/tarya\/wp-content\/uploads\/2022\/02\/drone.png\" sizes=\"(max-width: 104px) 100vw, 104px\" srcset=\"https:\/\/aminerhouas.com\/tarya\/wp-content\/uploads\/2022\/02\/drone.png 104w, https:\/\/aminerhouas.com\/tarya\/wp-content\/uploads\/2022\/02\/drone-100x100.png 100w\" alt=\"\" width=\"104\" height=\"104\" \/><\/p>\n<h3>Livraison dans toutes les villes<\/h3>\n<p>Notre service de livraison couvre toutes les villes, apportant la fra\u00eecheur et la saveur de nos produits directement \u00e0 votre porte.<\/p>\n<p><img decoding=\"async\" src=\"https:\/\/aminerhouas.com\/tarya\/wp-content\/uploads\/2022\/02\/grocery.png\" sizes=\"(max-width: 104px) 100vw, 104px\" srcset=\"https:\/\/aminerhouas.com\/tarya\/wp-content\/uploads\/2022\/02\/grocery.png 104w, https:\/\/aminerhouas.com\/tarya\/wp-content\/uploads\/2022\/02\/grocery-100x100.png 100w\" alt=\"\" width=\"104\" height=\"104\" \/><\/p>\n<h3>Fruit frais<\/h3>\n<p>Chez nous, nous sommes passionn\u00e9s par la qualit\u00e9 et la fra\u00eecheur de nos fruits. Chaque morceau est s\u00e9lectionn\u00e9 avec soin pour s&rsquo;assurer qu&rsquo;il est m\u00fbr, juteux et pr\u00eat \u00e0 \u00eatre d\u00e9gust\u00e9.<\/p>\n<p><img decoding=\"async\" src=\"https:\/\/aminerhouas.com\/tarya\/wp-content\/uploads\/2022\/02\/search.png\" sizes=\"(max-width: 104px) 100vw, 104px\" srcset=\"https:\/\/aminerhouas.com\/tarya\/wp-content\/uploads\/2022\/02\/search.png 104w, https:\/\/aminerhouas.com\/tarya\/wp-content\/uploads\/2022\/02\/search-100x100.png 100w\" alt=\"\" width=\"104\" height=\"104\" \/><\/p>\n<h3>Meilleure REMISE<\/h3>\n<p>Avec nos offres exceptionnelles et nos r\u00e9ductions avantageuses, vous pouvez profiter de prix imbattables sur une large gamme de produits<\/p>\n<p>Morbi ut sapien vitae odio accumsan gravida. Morbi vitae erat auctor, eleifend nunc a, lobortis neque. Praesent aliquam dignissim viverra. Maecenas lacus odio, feugiat eu nunc sit amet, maximus sagittis dolor. Vivamus nisi sapien, elementum sit amet eros sit amet, ultricies cursus ipsum. Sed consequat luctus ligula. Curabitur laoreet rhoncus blandit. Aenean vel diam ut arcu pharetra dignissim ut sed leo. Vivamus faucibus, ipsum in vestibulum vulputate, lorem orci convallis quam, sit amet consequat nulla felis pharetra lacus. Duis semper erat mauris, sed egestas purus commodo vel.<\/p>\n","protected":false},"excerpt":{"rendered":"<p>La banane est un fruit populaire et appr\u00e9ci\u00e9 dans le monde entier. Originaire des r\u00e9gions tropicales, ce fruit est connu pour sa forme courbe caract\u00e9ristique et sa chair douce et cr\u00e9meuse. Les bananes sont une excellente source de nutriments essentiels tels que les glucides, les fibres, les vitamines B6 et C, ainsi que des min\u00e9raux [&hellip;]<\/p>\n","protected":false},"featured_media":4135,"comment_status":"open","ping_status":"closed","template":"","meta":[],"product_brand":[],"product_cat":[193],"product_tag":[],"class_list":{"0":"post-4117","1":"product","2":"type-product","3":"status-publish","4":"has-post-thumbnail","6":"product_cat-fruits-frais","8":"first","9":"instock","10":"shipping-taxable","11":"purchasable","12":"product-type-simple"},"_links":{"self":[{"href":"https:\/\/aminerhouas.com\/tarya\/wp-json\/wp\/v2\/product\/4117","targetHints":{"allow":["GET"]}}],"collection":[{"href":"https:\/\/aminerhouas.com\/tarya\/wp-json\/wp\/v2\/product"}],"about":[{"href":"https:\/\/aminerhouas.com\/tarya\/wp-json\/wp\/v2\/types\/product"}],"replies":[{"embeddable":true,"href":"https:\/\/aminerhouas.com\/tarya\/wp-json\/wp\/v2\/comments?post=4117"}],"version-history":[{"count":0,"href":"https:\/\/aminerhouas.com\/tarya\/wp-json\/wp\/v2\/product\/4117\/revisions"}],"wp:featuredmedia":[{"embeddable":true,"href":"https:\/\/aminerhouas.com\/tarya\/wp-json\/wp\/v2\/media\/4135"}],"wp:attachment":[{"href":"https:\/\/aminerhouas.com\/tarya\/wp-json\/wp\/v2\/media?parent=4117"}],"wp:term":[{"taxonomy":"product_brand","embeddable":true,"href":"https:\/\/aminerhouas.com\/tarya\/wp-json\/wp\/v2\/product_brand?post=4117"},{"taxonomy":"product_cat","embeddable":true,"href":"https:\/\/aminerhouas.com\/tarya\/wp-json\/wp\/v2\/product_cat?post=4117"},{"taxonomy":"product_tag","embeddable":true,"href":"https:\/\/aminerhouas.com\/tarya\/wp-json\/wp\/v2\/product_tag?post=4117"}],"curies":[{"name":"wp","href":"https:\/\/api.w.org\/{rel}","templated":true}]}}