{"id":4118,"date":"2023-07-24T17:22:17","date_gmt":"2023-07-24T17:22:17","guid":{"rendered":"https:\/\/aminerhouas.com\/tarya\/?post_type=product&#038;p=4118"},"modified":"2023-07-24T17:22:21","modified_gmt":"2023-07-24T17:22:21","slug":"ananas-import-%d8%a3%d9%86%d8%a7%d9%86%d8%a7%d8%b3","status":"publish","type":"product","link":"https:\/\/aminerhouas.com\/tarya\/product\/ananas-import-%d8%a3%d9%86%d8%a7%d9%86%d8%a7%d8%b3\/","title":{"rendered":"ANANAS-IMPORT&#8211;\u0623\u0646\u0627\u0646\u0627\u0633"},"content":{"rendered":"<p><strong>L&rsquo;Avocado<\/strong> est un produit naturel et d\u00e9licieux qui est appr\u00e9ci\u00e9 par de nombreux amateurs de cuisine saine. Originaire d&rsquo;Am\u00e9rique centrale, cet agrume \u00e0 la forme unique est riche en nutriments essentiels tels que les graisses saines, les fibres et les vitamines.<\/p>\n<p><img decoding=\"async\" src=\"https:\/\/aminerhouas.com\/tarya\/wp-content\/uploads\/2022\/02\/drone.png\" sizes=\"(max-width: 104px) 100vw, 104px\" srcset=\"https:\/\/aminerhouas.com\/tarya\/wp-content\/uploads\/2022\/02\/drone.png 104w, https:\/\/aminerhouas.com\/tarya\/wp-content\/uploads\/2022\/02\/drone-100x100.png 100w\" alt=\"\" width=\"104\" height=\"104\" \/><\/p>\n<h3>Livraison dans toutes les villes<\/h3>\n<p>Notre service de livraison couvre toutes les villes, apportant la fra\u00eecheur et la saveur de nos produits directement \u00e0 votre porte.<\/p>\n<p><img decoding=\"async\" src=\"https:\/\/aminerhouas.com\/tarya\/wp-content\/uploads\/2022\/02\/grocery.png\" sizes=\"(max-width: 104px) 100vw, 104px\" srcset=\"https:\/\/aminerhouas.com\/tarya\/wp-content\/uploads\/2022\/02\/grocery.png 104w, https:\/\/aminerhouas.com\/tarya\/wp-content\/uploads\/2022\/02\/grocery-100x100.png 100w\" alt=\"\" width=\"104\" height=\"104\" \/><\/p>\n<h3>Fruit frais<\/h3>\n<p>Chez nous, nous sommes passionn\u00e9s par la qualit\u00e9 et la fra\u00eecheur de nos fruits. Chaque morceau est s\u00e9lectionn\u00e9 avec soin pour s&rsquo;assurer qu&rsquo;il est m\u00fbr, juteux et pr\u00eat \u00e0 \u00eatre d\u00e9gust\u00e9.<\/p>\n<p><img decoding=\"async\" src=\"https:\/\/aminerhouas.com\/tarya\/wp-content\/uploads\/2022\/02\/search.png\" sizes=\"(max-width: 104px) 100vw, 104px\" srcset=\"https:\/\/aminerhouas.com\/tarya\/wp-content\/uploads\/2022\/02\/search.png 104w, https:\/\/aminerhouas.com\/tarya\/wp-content\/uploads\/2022\/02\/search-100x100.png 100w\" alt=\"\" width=\"104\" height=\"104\" \/><\/p>\n<h3>Meilleure REMISE<\/h3>\n<p>Avec nos offres exceptionnelles et nos r\u00e9ductions avantageuses, vous pouvez profiter de prix imbattables sur une large gamme de produits<\/p>\n<p>Fruit frais, deux mots qui \u00e9voquent l&rsquo;abondance de saveurs naturelles et de bienfaits pour la sant\u00e9. Chez nous, nous sommes passionn\u00e9s par la qualit\u00e9 et la fra\u00eecheur de nos fruits. Chaque morceau est s\u00e9lectionn\u00e9 avec soin pour s&rsquo;assurer qu&rsquo;il est m\u00fbr, juteux et pr\u00eat \u00e0 \u00eatre d\u00e9gust\u00e9. De la douceur des fraises \u00e0 la croquant des pommes, notre s\u00e9lection de fruits frais est une explosion de couleurs et de go\u00fbts qui ravira vos sens. Avec chaque bouch\u00e9e, vous vous impr\u00e9gnerez de la fra\u00eecheur et de la vitalit\u00e9 que seul un fruit frais peut offrir.<\/p>\n","protected":false},"excerpt":{"rendered":"<p>L&rsquo;Avocado est un produit naturel et d\u00e9licieux qui est appr\u00e9ci\u00e9 par de nombreux amateurs de cuisine saine. Originaire d&rsquo;Am\u00e9rique centrale, cet agrume \u00e0 la forme unique est riche en nutriments essentiels tels que les graisses saines, les fibres et les vitamines. Livraison dans toutes les villes Notre service de livraison couvre toutes les villes, apportant [&hellip;]<\/p>\n","protected":false},"featured_media":4137,"comment_status":"open","ping_status":"closed","template":"","meta":[],"product_brand":[],"product_cat":[193],"product_tag":[],"class_list":{"0":"post-4118","1":"product","2":"type-product","3":"status-publish","4":"has-post-thumbnail","6":"product_cat-fruits-frais","8":"first","9":"instock","10":"shipping-taxable","11":"purchasable","12":"product-type-simple"},"_links":{"self":[{"href":"https:\/\/aminerhouas.com\/tarya\/wp-json\/wp\/v2\/product\/4118","targetHints":{"allow":["GET"]}}],"collection":[{"href":"https:\/\/aminerhouas.com\/tarya\/wp-json\/wp\/v2\/product"}],"about":[{"href":"https:\/\/aminerhouas.com\/tarya\/wp-json\/wp\/v2\/types\/product"}],"replies":[{"embeddable":true,"href":"https:\/\/aminerhouas.com\/tarya\/wp-json\/wp\/v2\/comments?post=4118"}],"version-history":[{"count":0,"href":"https:\/\/aminerhouas.com\/tarya\/wp-json\/wp\/v2\/product\/4118\/revisions"}],"wp:featuredmedia":[{"embeddable":true,"href":"https:\/\/aminerhouas.com\/tarya\/wp-json\/wp\/v2\/media\/4137"}],"wp:attachment":[{"href":"https:\/\/aminerhouas.com\/tarya\/wp-json\/wp\/v2\/media?parent=4118"}],"wp:term":[{"taxonomy":"product_brand","embeddable":true,"href":"https:\/\/aminerhouas.com\/tarya\/wp-json\/wp\/v2\/product_brand?post=4118"},{"taxonomy":"product_cat","embeddable":true,"href":"https:\/\/aminerhouas.com\/tarya\/wp-json\/wp\/v2\/product_cat?post=4118"},{"taxonomy":"product_tag","embeddable":true,"href":"https:\/\/aminerhouas.com\/tarya\/wp-json\/wp\/v2\/product_tag?post=4118"}],"curies":[{"name":"wp","href":"https:\/\/api.w.org\/{rel}","templated":true}]}}