{"id":4119,"date":"2023-07-24T17:22:17","date_gmt":"2023-07-24T17:22:17","guid":{"rendered":"https:\/\/aminerhouas.com\/tarya\/?post_type=product&#038;p=4119"},"modified":"2026-02-28T05:28:24","modified_gmt":"2026-02-28T05:28:24","slug":"pomme-%d8%aa%d9%81%d8%a7%d8%ad","status":"publish","type":"product","link":"https:\/\/aminerhouas.com\/tarya\/product\/pomme-%d8%aa%d9%81%d8%a7%d8%ad\/","title":{"rendered":"Pomme \u062a\u0641\u0627\u062d"},"content":{"rendered":"<p><strong>La pomme<\/strong> est un fruit croquant et savoureux qui est largement consomm\u00e9 dans le monde entier. Avec une vari\u00e9t\u00e9 de vari\u00e9t\u00e9s disponibles, chaque pomme a sa propre texture, saveur et couleur distinctives. Les pommes sont riches en fibres alimentaires, en vitamines C et en antioxydants, ce qui en fait un choix sain pour une collation ou un ingr\u00e9dient polyvalent pour divers plats.<\/p>\n<p><img decoding=\"async\" src=\"https:\/\/aminerhouas.com\/tarya\/wp-content\/uploads\/2022\/02\/drone.png\" sizes=\"(max-width: 104px) 100vw, 104px\" srcset=\"https:\/\/aminerhouas.com\/tarya\/wp-content\/uploads\/2022\/02\/drone.png 104w, https:\/\/aminerhouas.com\/tarya\/wp-content\/uploads\/2022\/02\/drone-100x100.png 100w\" alt=\"\" width=\"104\" height=\"104\" \/><\/p>\n<h3>Livraison dans toutes les villes<\/h3>\n<p>Notre service de livraison couvre toutes les villes, apportant la fra\u00eecheur et la saveur de nos produits directement \u00e0 votre porte.<\/p>\n<p><img decoding=\"async\" src=\"https:\/\/aminerhouas.com\/tarya\/wp-content\/uploads\/2022\/02\/grocery.png\" sizes=\"(max-width: 104px) 100vw, 104px\" srcset=\"https:\/\/aminerhouas.com\/tarya\/wp-content\/uploads\/2022\/02\/grocery.png 104w, https:\/\/aminerhouas.com\/tarya\/wp-content\/uploads\/2022\/02\/grocery-100x100.png 100w\" alt=\"\" width=\"104\" height=\"104\" \/><\/p>\n<h3>Fruit frais<\/h3>\n<p>Chez nous, nous sommes passionn\u00e9s par la qualit\u00e9 et la fra\u00eecheur de nos fruits. Chaque morceau est s\u00e9lectionn\u00e9 avec soin pour s&rsquo;assurer qu&rsquo;il est m\u00fbr, juteux et pr\u00eat \u00e0 \u00eatre d\u00e9gust\u00e9.<\/p>\n<p><img decoding=\"async\" src=\"https:\/\/aminerhouas.com\/tarya\/wp-content\/uploads\/2022\/02\/search.png\" sizes=\"(max-width: 104px) 100vw, 104px\" srcset=\"https:\/\/aminerhouas.com\/tarya\/wp-content\/uploads\/2022\/02\/search.png 104w, https:\/\/aminerhouas.com\/tarya\/wp-content\/uploads\/2022\/02\/search-100x100.png 100w\" alt=\"\" width=\"104\" height=\"104\" \/><\/p>\n<h3>Meilleure REMISE<\/h3>\n<p>Avec nos offres exceptionnelles et nos r\u00e9ductions avantageuses, vous pouvez profiter de prix imbattables sur une large gamme de produits<\/p>\n<p>Fruit frais, deux mots qui \u00e9voquent l&rsquo;abondance de saveurs naturelles et de bienfaits pour la sant\u00e9. Chez nous, nous sommes passionn\u00e9s par la qualit\u00e9 et la fra\u00eecheur de nos fruits. Chaque morceau est s\u00e9lectionn\u00e9 avec soin pour s&rsquo;assurer qu&rsquo;il est m\u00fbr, juteux et pr\u00eat \u00e0 \u00eatre d\u00e9gust\u00e9. De la douceur des fraises \u00e0 la croquant des pommes, notre s\u00e9lection de fruits frais est une explosion de couleurs et de go\u00fbts qui ravira vos sens. Avec chaque bouch\u00e9e, vous vous impr\u00e9gnerez de la fra\u00eecheur et de la vitalit\u00e9 que seul un fruit frais peut offrir.<\/p>\n","protected":false},"excerpt":{"rendered":"<p>La pomme est un fruit croquant et savoureux qui est largement consomm\u00e9 dans le monde entier. Avec une vari\u00e9t\u00e9 de vari\u00e9t\u00e9s disponibles, chaque pomme a sa propre texture, saveur et couleur distinctives. Les pommes sont riches en fibres alimentaires, en vitamines C et en antioxydants, ce qui en fait un choix sain pour une collation [&hellip;]<\/p>\n","protected":false},"featured_media":4139,"comment_status":"open","ping_status":"closed","template":"","meta":[],"product_brand":[],"product_cat":[193],"product_tag":[],"class_list":{"0":"post-4119","1":"product","2":"type-product","3":"status-publish","4":"has-post-thumbnail","6":"product_cat-fruits-frais","8":"first","9":"instock","10":"shipping-taxable","11":"purchasable","12":"product-type-simple"},"_links":{"self":[{"href":"https:\/\/aminerhouas.com\/tarya\/wp-json\/wp\/v2\/product\/4119","targetHints":{"allow":["GET"]}}],"collection":[{"href":"https:\/\/aminerhouas.com\/tarya\/wp-json\/wp\/v2\/product"}],"about":[{"href":"https:\/\/aminerhouas.com\/tarya\/wp-json\/wp\/v2\/types\/product"}],"replies":[{"embeddable":true,"href":"https:\/\/aminerhouas.com\/tarya\/wp-json\/wp\/v2\/comments?post=4119"}],"version-history":[{"count":0,"href":"https:\/\/aminerhouas.com\/tarya\/wp-json\/wp\/v2\/product\/4119\/revisions"}],"wp:featuredmedia":[{"embeddable":true,"href":"https:\/\/aminerhouas.com\/tarya\/wp-json\/wp\/v2\/media\/4139"}],"wp:attachment":[{"href":"https:\/\/aminerhouas.com\/tarya\/wp-json\/wp\/v2\/media?parent=4119"}],"wp:term":[{"taxonomy":"product_brand","embeddable":true,"href":"https:\/\/aminerhouas.com\/tarya\/wp-json\/wp\/v2\/product_brand?post=4119"},{"taxonomy":"product_cat","embeddable":true,"href":"https:\/\/aminerhouas.com\/tarya\/wp-json\/wp\/v2\/product_cat?post=4119"},{"taxonomy":"product_tag","embeddable":true,"href":"https:\/\/aminerhouas.com\/tarya\/wp-json\/wp\/v2\/product_tag?post=4119"}],"curies":[{"name":"wp","href":"https:\/\/api.w.org\/{rel}","templated":true}]}}