{"id":4126,"date":"2023-07-24T17:22:17","date_gmt":"2023-07-24T17:22:17","guid":{"rendered":"https:\/\/aminerhouas.com\/tarya\/?post_type=product&#038;p=4126"},"modified":"2023-07-27T16:23:13","modified_gmt":"2023-07-27T16:23:13","slug":"pomme-de-terre-%d8%a8%d8%b7%d8%a7%d8%b7%d8%b3-%d8%a8%d9%8a%d8%b6%d8%a7%d8%a1","status":"publish","type":"product","link":"https:\/\/aminerhouas.com\/tarya\/product\/pomme-de-terre-%d8%a8%d8%b7%d8%a7%d8%b7%d8%b3-%d8%a8%d9%8a%d8%b6%d8%a7%d8%a1\/","title":{"rendered":"POMME DE TERRE &#8211; \u0628\u0637\u0627\u0637\u0633 \u0628\u064a\u0636\u0627\u0621"},"content":{"rendered":"<p><strong>La pomme de terre<\/strong> est un l\u00e9gume polyvalent et largement consomm\u00e9 dans de nombreuses cuisines \u00e0 travers le monde. Elle est appr\u00e9ci\u00e9e pour sa chair ferme et son go\u00fbt neutre, ce qui lui permet de s&rsquo;adapter \u00e0 une vari\u00e9t\u00e9 de pr\u00e9parations culinaires.<\/p>\n<p><img decoding=\"async\" src=\"https:\/\/aminerhouas.com\/tarya\/wp-content\/uploads\/2022\/02\/drone.png\" sizes=\"(max-width: 104px) 100vw, 104px\" srcset=\"https:\/\/aminerhouas.com\/tarya\/wp-content\/uploads\/2022\/02\/drone.png 104w, https:\/\/aminerhouas.com\/tarya\/wp-content\/uploads\/2022\/02\/drone-100x100.png 100w\" alt=\"\" width=\"104\" height=\"104\" \/><\/p>\n<h3>Livraison dans toutes les villes<\/h3>\n<p>Notre service de livraison couvre toutes les villes, apportant la fra\u00eecheur et la saveur de nos produits directement \u00e0 votre porte.<\/p>\n<p><img decoding=\"async\" src=\"https:\/\/aminerhouas.com\/tarya\/wp-content\/uploads\/2022\/02\/grocery.png\" sizes=\"(max-width: 104px) 100vw, 104px\" srcset=\"https:\/\/aminerhouas.com\/tarya\/wp-content\/uploads\/2022\/02\/grocery.png 104w, https:\/\/aminerhouas.com\/tarya\/wp-content\/uploads\/2022\/02\/grocery-100x100.png 100w\" alt=\"\" width=\"104\" height=\"104\" \/><\/p>\n<h3>Fruit frais<\/h3>\n<p>Chez nous, nous sommes passionn\u00e9s par la qualit\u00e9 et la fra\u00eecheur de nos fruits. Chaque morceau est s\u00e9lectionn\u00e9 avec soin pour s&rsquo;assurer qu&rsquo;il est m\u00fbr, juteux et pr\u00eat \u00e0 \u00eatre d\u00e9gust\u00e9.<\/p>\n<p><img decoding=\"async\" src=\"https:\/\/aminerhouas.com\/tarya\/wp-content\/uploads\/2022\/02\/search.png\" sizes=\"(max-width: 104px) 100vw, 104px\" srcset=\"https:\/\/aminerhouas.com\/tarya\/wp-content\/uploads\/2022\/02\/search.png 104w, https:\/\/aminerhouas.com\/tarya\/wp-content\/uploads\/2022\/02\/search-100x100.png 100w\" alt=\"\" width=\"104\" height=\"104\" \/><\/p>\n<h3>Meilleure REMISE<\/h3>\n<p>Avec nos offres exceptionnelles et nos r\u00e9ductions avantageuses, vous pouvez profiter de prix imbattables sur une large gamme de produits<\/p>\n<p>Les pommes de terre sont une excellente source d&rsquo;amidon, de vitamine C, de potassium et de fibres. Elles peuvent \u00eatre cuites de diff\u00e9rentes mani\u00e8res, que ce soit bouillies, r\u00f4ties, frites, en pur\u00e9e ou en gratin. Elles sont \u00e9galement utilis\u00e9es pour pr\u00e9parer des plats classiques tels que les frites, les pommes de terre au four, les gnocchis et bien d&rsquo;autres. La pomme de terre est un ingr\u00e9dient polyvalent qui offre une texture satisfaisante et une saveur r\u00e9confortante dans de nombreux plats.<\/p>\n","protected":false},"excerpt":{"rendered":"<p>La pomme de terre est un l\u00e9gume polyvalent et largement consomm\u00e9 dans de nombreuses cuisines \u00e0 travers le monde. Elle est appr\u00e9ci\u00e9e pour sa chair ferme et son go\u00fbt neutre, ce qui lui permet de s&rsquo;adapter \u00e0 une vari\u00e9t\u00e9 de pr\u00e9parations culinaires. Livraison dans toutes les villes Notre service de livraison couvre toutes les villes, [&hellip;]<\/p>\n","protected":false},"featured_media":4153,"comment_status":"open","ping_status":"closed","template":"","meta":[],"product_brand":[],"product_cat":[195],"product_tag":[],"class_list":{"0":"post-4126","1":"product","2":"type-product","3":"status-publish","4":"has-post-thumbnail","6":"product_cat-legumes-frais","8":"first","9":"instock","10":"shipping-taxable","11":"purchasable","12":"product-type-simple"},"_links":{"self":[{"href":"https:\/\/aminerhouas.com\/tarya\/wp-json\/wp\/v2\/product\/4126","targetHints":{"allow":["GET"]}}],"collection":[{"href":"https:\/\/aminerhouas.com\/tarya\/wp-json\/wp\/v2\/product"}],"about":[{"href":"https:\/\/aminerhouas.com\/tarya\/wp-json\/wp\/v2\/types\/product"}],"replies":[{"embeddable":true,"href":"https:\/\/aminerhouas.com\/tarya\/wp-json\/wp\/v2\/comments?post=4126"}],"version-history":[{"count":0,"href":"https:\/\/aminerhouas.com\/tarya\/wp-json\/wp\/v2\/product\/4126\/revisions"}],"wp:featuredmedia":[{"embeddable":true,"href":"https:\/\/aminerhouas.com\/tarya\/wp-json\/wp\/v2\/media\/4153"}],"wp:attachment":[{"href":"https:\/\/aminerhouas.com\/tarya\/wp-json\/wp\/v2\/media?parent=4126"}],"wp:term":[{"taxonomy":"product_brand","embeddable":true,"href":"https:\/\/aminerhouas.com\/tarya\/wp-json\/wp\/v2\/product_brand?post=4126"},{"taxonomy":"product_cat","embeddable":true,"href":"https:\/\/aminerhouas.com\/tarya\/wp-json\/wp\/v2\/product_cat?post=4126"},{"taxonomy":"product_tag","embeddable":true,"href":"https:\/\/aminerhouas.com\/tarya\/wp-json\/wp\/v2\/product_tag?post=4126"}],"curies":[{"name":"wp","href":"https:\/\/api.w.org\/{rel}","templated":true}]}}