{"id":4129,"date":"2023-07-24T17:22:17","date_gmt":"2023-07-24T17:22:17","guid":{"rendered":"https:\/\/aminerhouas.com\/tarya\/?post_type=product&#038;p=4129"},"modified":"2026-03-03T13:54:52","modified_gmt":"2026-03-03T13:54:52","slug":"coriandre-%d8%a7%d9%84%d9%82%d8%b2%d8%a8%d8%b1","status":"publish","type":"product","link":"https:\/\/aminerhouas.com\/tarya\/product\/coriandre-%d8%a7%d9%84%d9%82%d8%b2%d8%a8%d8%b1\/","title":{"rendered":"CORIANDRE &#8211; \u0627\u0644\u0642\u0632\u0628\u0631"},"content":{"rendered":"<p><strong>La coriandre<\/strong>, \u00e9galement connue sous le nom d&rsquo;al-qozbara (\u0627\u0644\u0642\u0632\u0628\u0631\u0629) en arabe, est une plante herbac\u00e9e aromatique largement utilis\u00e9e dans la cuisine du monde entier. Elle est appr\u00e9ci\u00e9e pour son parfum distinctif et sa saveur fra\u00eeche et citronn\u00e9e.<\/p>\n<p>&nbsp;<\/p>\n<h3>Livraison dans toutes les villes<\/h3>\n<p>Notre service de livraison couvre toutes les villes, apportant la fra\u00eecheur et la saveur de nos produits directement \u00e0 votre porte.<\/p>\n<p>&nbsp;<\/p>\n<h3>Fruit frais<\/h3>\n<p>Chez nous, nous sommes passionn\u00e9s par la qualit\u00e9 et la fra\u00eecheur de nos fruits. Chaque morceau est s\u00e9lectionn\u00e9 avec soin pour s&rsquo;assurer qu&rsquo;il est m\u00fbr, juteux et pr\u00eat \u00e0 \u00eatre d\u00e9gust\u00e9.<\/p>\n<p>&nbsp;<\/p>\n<h3>Meilleure REMISE<\/h3>\n<p>Avec nos offres exceptionnelles et nos r\u00e9ductions avantageuses, vous pouvez profiter de prix imbattables sur une large gamme de produits<\/p>\n<p>Les feuilles de coriandre sont utilis\u00e9es comme herbe aromatique dans de<br \/>\nnombreux plats, apportant une note de fra\u00eecheur et de vivacit\u00e9. Les<br \/>\ngraines de coriandre, quant \u00e0 elles, sont utilis\u00e9es comme \u00e9pice,<br \/>\najoutant une saveur unique aux plats. La coriandre est une excellente<br \/>\nsource de vitamines, de min\u00e9raux et d&rsquo;antioxydants. Elle est utilis\u00e9e<br \/>\ndans de nombreux plats tels que les currys, les salades, les sauces et<br \/>\nles marinades. La coriandre ajoute une dimension aromatique et<br \/>\nd\u00e9licieuse \u00e0 la cuisine, et est appr\u00e9ci\u00e9e pour ses propri\u00e9t\u00e9s b\u00e9n\u00e9fiques<br \/>\npour la digestion et la sant\u00e9.<\/p>\n","protected":false},"excerpt":{"rendered":"<p>La coriandre, \u00e9galement connue sous le nom d&rsquo;al-qozbara (\u0627\u0644\u0642\u0632\u0628\u0631\u0629) en arabe, est une plante herbac\u00e9e aromatique largement utilis\u00e9e dans la cuisine du monde entier. Elle est appr\u00e9ci\u00e9e pour son parfum distinctif et sa saveur fra\u00eeche et citronn\u00e9e. &nbsp; Livraison dans toutes les villes Notre service de livraison couvre toutes les villes, apportant la fra\u00eecheur et [&hellip;]<\/p>\n","protected":false},"featured_media":4445,"comment_status":"open","ping_status":"closed","template":"","meta":[],"product_brand":[],"product_cat":[196],"product_tag":[],"class_list":{"0":"post-4129","1":"product","2":"type-product","3":"status-publish","4":"has-post-thumbnail","6":"product_cat-herbes-salades","8":"first","9":"instock","10":"shipping-taxable","11":"purchasable","12":"product-type-simple"},"_links":{"self":[{"href":"https:\/\/aminerhouas.com\/tarya\/wp-json\/wp\/v2\/product\/4129","targetHints":{"allow":["GET"]}}],"collection":[{"href":"https:\/\/aminerhouas.com\/tarya\/wp-json\/wp\/v2\/product"}],"about":[{"href":"https:\/\/aminerhouas.com\/tarya\/wp-json\/wp\/v2\/types\/product"}],"replies":[{"embeddable":true,"href":"https:\/\/aminerhouas.com\/tarya\/wp-json\/wp\/v2\/comments?post=4129"}],"version-history":[{"count":1,"href":"https:\/\/aminerhouas.com\/tarya\/wp-json\/wp\/v2\/product\/4129\/revisions"}],"predecessor-version":[{"id":4446,"href":"https:\/\/aminerhouas.com\/tarya\/wp-json\/wp\/v2\/product\/4129\/revisions\/4446"}],"wp:featuredmedia":[{"embeddable":true,"href":"https:\/\/aminerhouas.com\/tarya\/wp-json\/wp\/v2\/media\/4445"}],"wp:attachment":[{"href":"https:\/\/aminerhouas.com\/tarya\/wp-json\/wp\/v2\/media?parent=4129"}],"wp:term":[{"taxonomy":"product_brand","embeddable":true,"href":"https:\/\/aminerhouas.com\/tarya\/wp-json\/wp\/v2\/product_brand?post=4129"},{"taxonomy":"product_cat","embeddable":true,"href":"https:\/\/aminerhouas.com\/tarya\/wp-json\/wp\/v2\/product_cat?post=4129"},{"taxonomy":"product_tag","embeddable":true,"href":"https:\/\/aminerhouas.com\/tarya\/wp-json\/wp\/v2\/product_tag?post=4129"}],"curies":[{"name":"wp","href":"https:\/\/api.w.org\/{rel}","templated":true}]}}